{"id":1553,"date":"2023-03-23T11:30:29","date_gmt":"2023-03-23T10:30:29","guid":{"rendered":"https:\/\/vtcdusoleil.fr\/?page_id=1553"},"modified":"2025-07-10T10:47:00","modified_gmt":"2025-07-10T08:47:00","slug":"antibes-son-cap-la-garoupe","status":"publish","type":"page","link":"https:\/\/vtcdusoleil.fr\/en\/antibes-son-cap-la-garoupe\/","title":{"rendered":"ANTIBES &#8211; SON CAP &#038; LA GAROUPE"},"content":{"rendered":"<div class=\"vc_row wpb_row vc_row-fluid\"><div class=\"wpb_column vc_column_container vc_col-sm-12\"><div class=\"vc_column-inner\"><div class=\"wpb_wrapper\"><div class=\"boc_spacing\" style=\"height: 20px\"><\/div><\/div><\/div><\/div><\/div><div class=\"vc_row wpb_row vc_row-fluid\"><div class=\"wpb_column vc_column_container vc_col-sm-12\"><div class=\"vc_column-inner\"><div class=\"wpb_wrapper\"><h2 class=\"boc_heading  center   inherit_weight\"  style=\"color: #333;\" ><span><strong>ANTIBES ITS CAP &amp; THE GAROUPE<\/strong> <\/span><\/h2><\/div><\/div><\/div><\/div><div class=\"vc_row wpb_row vc_row-fluid\"><div class=\"wpb_column vc_column_container vc_col-sm-12\"><div class=\"vc_column-inner\"><div class=\"wpb_wrapper\">\n\t<div  class=\"wpb_single_image wpb_content_element vc_align_left\" >\n\t\t\n\t\t<figure class=\"wpb_wrapper vc_figure\">\n\t\t\t<div class=\"vc_single_image-wrapper   vc_box_border_grey\"><img loading=\"lazy\" decoding=\"async\" width=\"1920\" height=\"1280\" src=\"https:\/\/i0.wp.com\/vtcdusoleil.fr\/wp-content\/uploads\/2023\/03\/FORT-CARRE.jpg?fit=1920%2C1280&amp;ssl=1\" class=\"vc_single_image-img attachment-full\" alt=\"FORT CARRE ANTIBES\" srcset=\"https:\/\/i0.wp.com\/vtcdusoleil.fr\/wp-content\/uploads\/2023\/03\/FORT-CARRE.jpg?w=1920&amp;ssl=1 1920w, https:\/\/i0.wp.com\/vtcdusoleil.fr\/wp-content\/uploads\/2023\/03\/FORT-CARRE.jpg?resize=300%2C200&amp;ssl=1 300w, https:\/\/i0.wp.com\/vtcdusoleil.fr\/wp-content\/uploads\/2023\/03\/FORT-CARRE.jpg?resize=1024%2C683&amp;ssl=1 1024w, https:\/\/i0.wp.com\/vtcdusoleil.fr\/wp-content\/uploads\/2023\/03\/FORT-CARRE.jpg?resize=768%2C512&amp;ssl=1 768w, https:\/\/i0.wp.com\/vtcdusoleil.fr\/wp-content\/uploads\/2023\/03\/FORT-CARRE.jpg?resize=1536%2C1024&amp;ssl=1 1536w, https:\/\/i0.wp.com\/vtcdusoleil.fr\/wp-content\/uploads\/2023\/03\/FORT-CARRE.jpg?resize=18%2C12&amp;ssl=1 18w, https:\/\/i0.wp.com\/vtcdusoleil.fr\/wp-content\/uploads\/2023\/03\/FORT-CARRE.jpg?resize=1200%2C800&amp;ssl=1 1200w, https:\/\/i0.wp.com\/vtcdusoleil.fr\/wp-content\/uploads\/2023\/03\/FORT-CARRE.jpg?resize=600%2C400&amp;ssl=1 600w\" sizes=\"auto, (max-width: 1200px) 100vw, 1200px\" data-attachment-id=\"1558\" data-permalink=\"https:\/\/vtcdusoleil.fr\/en\/antibes-son-cap-la-garoupe\/fort-carre\/\" data-orig-file=\"https:\/\/i0.wp.com\/vtcdusoleil.fr\/wp-content\/uploads\/2023\/03\/FORT-CARRE.jpg?fit=1920%2C1280&amp;ssl=1\" data-orig-size=\"1920,1280\" data-comments-opened=\"1\" data-image-meta=\"{&quot;aperture&quot;:&quot;0&quot;,&quot;credit&quot;:&quot;&quot;,&quot;camera&quot;:&quot;&quot;,&quot;caption&quot;:&quot;&quot;,&quot;created_timestamp&quot;:&quot;0&quot;,&quot;copyright&quot;:&quot;&quot;,&quot;focal_length&quot;:&quot;0&quot;,&quot;iso&quot;:&quot;0&quot;,&quot;shutter_speed&quot;:&quot;0&quot;,&quot;title&quot;:&quot;&quot;,&quot;orientation&quot;:&quot;0&quot;}\" data-image-title=\"FORT CARRE\" data-image-description=\"&lt;p&gt;EXCURSION VTC DU SOLEIL AU FORT CARRE  A ANTIBES&lt;\/p&gt;\" data-image-caption=\"&lt;p&gt;PHOTO DU FORT CARRE A ANTIBES&lt;\/p&gt;\" data-large-file=\"https:\/\/i0.wp.com\/vtcdusoleil.fr\/wp-content\/uploads\/2023\/03\/FORT-CARRE.jpg?fit=1024%2C683&amp;ssl=1\" \/><\/div>\n\t\t<\/figure>\n\t<\/div>\n<\/div><\/div><\/div><\/div><div class=\"vc_row wpb_row vc_row-fluid\"><div class=\"wpb_column vc_column_container vc_col-sm-12\"><div class=\"vc_column-inner\"><div class=\"wpb_wrapper\">\n\t<div class=\"wpb_text_column wpb_content_element\"  >\n\t\t<div class=\"wpb_wrapper\">\n\t\t\t<h4 class=\"translation-block\">Before arriving in the centre of Antibes, how about stopping off at <strong><a href=\"https:\/\/www.antibes-juanlespins.com\/sorties-loisirs\/antibes-ville-de-culture\/les-musees\/le-fort-carre\" target=\"_blank\" rel=\"noopener\">Fort Carr\u00e9<\/a>, <\/strong>one of the first fortified strongholds to be built in Renaissance. Discover its fascinating history, its rampart walk (43 metres above sea level that offers an incredible panoramic view), as well as the surrounding and protected 4 acre park and its abundance of Mediterranean plants.<\/h4>\n\n\t\t<\/div>\n\t<\/div>\n<\/div><\/div><\/div><\/div><div class=\"vc_row wpb_row vc_row-fluid\"><div class=\"wpb_column vc_column_container vc_col-sm-12\"><div class=\"vc_column-inner\"><div class=\"wpb_wrapper\">\n\t<div class=\"wpb_text_column wpb_content_element\"  >\n\t\t<div class=\"wpb_wrapper\">\n\t\t\t<p><img data-recalc-dims=\"1\" loading=\"lazy\" decoding=\"async\" data-attachment-id=\"1561\" data-permalink=\"https:\/\/vtcdusoleil.fr\/en\/antibes-son-cap-la-garoupe\/rempart-antibes\/\" data-orig-file=\"https:\/\/i0.wp.com\/vtcdusoleil.fr\/wp-content\/uploads\/2023\/03\/REMPART-ANTIBES.jpg?fit=1920%2C1280&amp;ssl=1\" data-orig-size=\"1920,1280\" data-comments-opened=\"1\" data-image-meta=\"{&quot;aperture&quot;:&quot;0&quot;,&quot;credit&quot;:&quot;&quot;,&quot;camera&quot;:&quot;&quot;,&quot;caption&quot;:&quot;&quot;,&quot;created_timestamp&quot;:&quot;0&quot;,&quot;copyright&quot;:&quot;&quot;,&quot;focal_length&quot;:&quot;0&quot;,&quot;iso&quot;:&quot;0&quot;,&quot;shutter_speed&quot;:&quot;0&quot;,&quot;title&quot;:&quot;&quot;,&quot;orientation&quot;:&quot;0&quot;}\" data-image-title=\"REMPART ANTIBES\" data-image-description=\"&lt;p&gt;excursion avect vtc du soleil a la decouverte d&amp;rsquo;antibes&lt;\/p&gt;\" data-image-caption=\"&lt;p&gt;excursion a antibes et ses remparts&lt;\/p&gt;\" data-large-file=\"https:\/\/i0.wp.com\/vtcdusoleil.fr\/wp-content\/uploads\/2023\/03\/REMPART-ANTIBES.jpg?fit=1024%2C683&amp;ssl=1\" class=\"wp-image-1561 alignright\" src=\"https:\/\/i0.wp.com\/vtcdusoleil.fr\/wp-content\/uploads\/2023\/03\/REMPART-ANTIBES.jpg?resize=357%2C238&#038;ssl=1\" alt=\"antibes photo des remparts\" width=\"357\" height=\"238\" srcset=\"https:\/\/i0.wp.com\/vtcdusoleil.fr\/wp-content\/uploads\/2023\/03\/REMPART-ANTIBES.jpg?resize=300%2C200&amp;ssl=1 300w, https:\/\/i0.wp.com\/vtcdusoleil.fr\/wp-content\/uploads\/2023\/03\/REMPART-ANTIBES.jpg?resize=1024%2C683&amp;ssl=1 1024w, https:\/\/i0.wp.com\/vtcdusoleil.fr\/wp-content\/uploads\/2023\/03\/REMPART-ANTIBES.jpg?resize=768%2C512&amp;ssl=1 768w, https:\/\/i0.wp.com\/vtcdusoleil.fr\/wp-content\/uploads\/2023\/03\/REMPART-ANTIBES.jpg?resize=1536%2C1024&amp;ssl=1 1536w, https:\/\/i0.wp.com\/vtcdusoleil.fr\/wp-content\/uploads\/2023\/03\/REMPART-ANTIBES.jpg?resize=18%2C12&amp;ssl=1 18w, https:\/\/i0.wp.com\/vtcdusoleil.fr\/wp-content\/uploads\/2023\/03\/REMPART-ANTIBES.jpg?resize=1200%2C800&amp;ssl=1 1200w, https:\/\/i0.wp.com\/vtcdusoleil.fr\/wp-content\/uploads\/2023\/03\/REMPART-ANTIBES.jpg?resize=600%2C400&amp;ssl=1 600w, https:\/\/i0.wp.com\/vtcdusoleil.fr\/wp-content\/uploads\/2023\/03\/REMPART-ANTIBES.jpg?w=1920&amp;ssl=1 1920w\" sizes=\"auto, (max-width: 357px) 100vw, 357px\" \/><\/p>\n<h4 class=\"translation-block\">Next dive into the heart of Old Town Antibes via<strong> \u00ab the Marine door \u00bb: <\/strong>wander at leisure along the narrow cobbled streets to <strong>the Cathedral.<\/strong> At the top of the steps visit <strong>the medieval Ch\u00e2teau Grimaldi<\/strong> where \u00a0<a href=\"https:\/\/www.antibesjuanlespins.com\/en\/must-see-must-do\/culture-and-heritage\/museums\/picasso-museum-2031894\" target=\"_blank\" rel=\"noopener\"><strong>mus\u00e9e Picasso<\/strong><\/a> can be found, with its numerous masterpieces and artworks including paintings, drawings and ceramics, not to be missed.<\/h4>\n<h4 class=\"translation-block\">Nearby you\u2019ll find <strong>the Proven\u00e7al market<\/strong> (covered market place), held every morning until 1pm. Afterwards stroll through the little shopping streets and discover the large number of boutiques and workshops proposing gourmet produce and local specialties.<\/h4>\n\n\t\t<\/div>\n\t<\/div>\n<\/div><\/div><\/div><\/div><div class=\"vc_row wpb_row vc_row-fluid\"><div class=\"wpb_column vc_column_container vc_col-sm-12\"><div class=\"vc_column-inner\"><div class=\"wpb_wrapper\">\n\t<div class=\"wpb_text_column wpb_content_element\"  >\n\t\t<div class=\"wpb_wrapper\">\n\t\t\t<h4><img data-recalc-dims=\"1\" loading=\"lazy\" decoding=\"async\" data-attachment-id=\"1565\" data-permalink=\"https:\/\/vtcdusoleil.fr\/en\/antibes-son-cap-la-garoupe\/plage-de-la-garoupe\/\" data-orig-file=\"https:\/\/i0.wp.com\/vtcdusoleil.fr\/wp-content\/uploads\/2023\/03\/plage-de-la-Garoupe.jpg?fit=968%2C528&amp;ssl=1\" data-orig-size=\"968,528\" data-comments-opened=\"1\" data-image-meta=\"{&quot;aperture&quot;:&quot;0&quot;,&quot;credit&quot;:&quot;User&quot;,&quot;camera&quot;:&quot;&quot;,&quot;caption&quot;:&quot;&quot;,&quot;created_timestamp&quot;:&quot;1679570017&quot;,&quot;copyright&quot;:&quot;&quot;,&quot;focal_length&quot;:&quot;0&quot;,&quot;iso&quot;:&quot;0&quot;,&quot;shutter_speed&quot;:&quot;0&quot;,&quot;title&quot;:&quot;&quot;,&quot;orientation&quot;:&quot;0&quot;}\" data-image-title=\"plage de la Garoupe\" data-image-description=\"&lt;p&gt;excursion a la plage de la garoupe avec vtc du soleil&lt;\/p&gt;\" data-image-caption=\"\" data-large-file=\"https:\/\/i0.wp.com\/vtcdusoleil.fr\/wp-content\/uploads\/2023\/03\/plage-de-la-Garoupe.jpg?fit=968%2C528&amp;ssl=1\" class=\"size-medium wp-image-1565 alignleft\" src=\"https:\/\/i0.wp.com\/vtcdusoleil.fr\/wp-content\/uploads\/2023\/03\/plage-de-la-Garoupe.jpg?resize=300%2C164&#038;ssl=1\" alt=\"plage de la garoupe\" width=\"300\" height=\"164\" srcset=\"https:\/\/i0.wp.com\/vtcdusoleil.fr\/wp-content\/uploads\/2023\/03\/plage-de-la-Garoupe.jpg?resize=300%2C164&amp;ssl=1 300w, https:\/\/i0.wp.com\/vtcdusoleil.fr\/wp-content\/uploads\/2023\/03\/plage-de-la-Garoupe.jpg?resize=768%2C419&amp;ssl=1 768w, https:\/\/i0.wp.com\/vtcdusoleil.fr\/wp-content\/uploads\/2023\/03\/plage-de-la-Garoupe.jpg?resize=18%2C10&amp;ssl=1 18w, https:\/\/i0.wp.com\/vtcdusoleil.fr\/wp-content\/uploads\/2023\/03\/plage-de-la-Garoupe.jpg?w=968&amp;ssl=1 968w\" sizes=\"auto, (max-width: 300px) 100vw, 300px\" \/>Then head to the <a href=\"https:\/\/www.antibes-juanlespins.com\/sorties-loisirs\/un-patrimoine-vivant\/le-phare-de-la-garoupe\" target=\"_blank\" rel=\"noopener\"><strong>phare de la Garoupe<\/strong> <\/a>(75 m above sea level). At the end of its <strong>116 steps<\/strong> you can admire a breathtaking panorama. <strong>Sa chapelle<\/strong> Its restored chapel is also worth a visit.\u00a0 <strong>\u00ab\u00a0Le Bistrot du Cur\u00e9\u00a0\u00bb,<\/strong> a small caf\u00e9 serving local specialities (pan bagnat, Ni\u00e7ois stuffing, pissaladi\u00e8re) in the shade of the pine trees.<\/h4>\n<h4 class=\"translation-block\">Alternatively you could opt for a lunch with your feet in the sand on <strong>the Garoupe beach,<\/strong> fabulous place for a swim (the private Keller Beach has sun loungers and parasols for rent).<\/h4>\n\n\t\t<\/div>\n\t<\/div>\n<\/div><\/div><\/div><\/div><div class=\"vc_row wpb_row vc_row-fluid\"><div class=\"wpb_column vc_column_container vc_col-sm-12\"><div class=\"vc_column-inner\"><div class=\"wpb_wrapper\">\n\t<div class=\"wpb_text_column wpb_content_element\"  >\n\t\t<div class=\"wpb_wrapper\">\n\t\t\t<h4 class=\"translation-block\">The famous coastal path, <a href=\"https:\/\/www.antibesjuanlespins.com\/decouvrir\/les-incontournables\/cap-d-antibes-le-sentier-de-tirepoil\" target=\"_blank\" rel=\"noopener\"><strong>Le sentier de Tire-poil<\/strong><\/a>  is approx 5 kms long and takes about 2 hrs to walk (plan good walking shoes though; there are a lot of steps). You can find its start directly at the end of the beach. This little corner of paradise attracted the very wealthy from the mid-19 th century onwards and they constructed the most prestigious of residences here. You can perceive them along this stunning coastal trail.<\/h4>\n\n\t\t<\/div>\n\t<\/div>\n<\/div><\/div><\/div><\/div><div class=\"vc_row wpb_row vc_row-fluid\"><div class=\"wpb_column vc_column_container vc_col-sm-12\"><div class=\"vc_column-inner\"><div class=\"wpb_wrapper\">\n\t<div  class=\"wpb_single_image wpb_content_element vc_align_center\" >\n\t\t\n\t\t<figure class=\"wpb_wrapper vc_figure\">\n\t\t\t<div class=\"vc_single_image-wrapper   vc_box_border_grey\"><img loading=\"lazy\" decoding=\"async\" width=\"600\" height=\"400\" src=\"https:\/\/i0.wp.com\/vtcdusoleil.fr\/wp-content\/uploads\/2023\/03\/SENTIER-TIREPOIL.jpg?resize=600%2C400&amp;ssl=1\" class=\"vc_single_image-img attachment-boc_medium\" alt=\"photo du sentier tirepoil a antibes\" srcset=\"https:\/\/i0.wp.com\/vtcdusoleil.fr\/wp-content\/uploads\/2023\/03\/SENTIER-TIREPOIL.jpg?resize=600%2C400&amp;ssl=1 600w, https:\/\/i0.wp.com\/vtcdusoleil.fr\/wp-content\/uploads\/2023\/03\/SENTIER-TIREPOIL.jpg?zoom=2&amp;resize=600%2C400&amp;ssl=1 1200w\" sizes=\"auto, (max-width: 600px) 100vw, 600px\" data-attachment-id=\"1567\" data-permalink=\"https:\/\/vtcdusoleil.fr\/en\/antibes-son-cap-la-garoupe\/sentier-tirepoil\/\" data-orig-file=\"https:\/\/i0.wp.com\/vtcdusoleil.fr\/wp-content\/uploads\/2023\/03\/SENTIER-TIREPOIL.jpg?fit=1440%2C1920&amp;ssl=1\" data-orig-size=\"1440,1920\" data-comments-opened=\"1\" data-image-meta=\"{&quot;aperture&quot;:&quot;0&quot;,&quot;credit&quot;:&quot;&quot;,&quot;camera&quot;:&quot;&quot;,&quot;caption&quot;:&quot;&quot;,&quot;created_timestamp&quot;:&quot;0&quot;,&quot;copyright&quot;:&quot;&quot;,&quot;focal_length&quot;:&quot;0&quot;,&quot;iso&quot;:&quot;0&quot;,&quot;shutter_speed&quot;:&quot;0&quot;,&quot;title&quot;:&quot;&quot;,&quot;orientation&quot;:&quot;0&quot;}\" data-image-title=\"SENTIER TIREPOIL\" data-image-description=\"&lt;p&gt;excursion au cap d&amp;rsquo; antibes sentire tirepoil avec vtc du soleil&lt;\/p&gt;\" data-image-caption=\"\" data-large-file=\"https:\/\/i0.wp.com\/vtcdusoleil.fr\/wp-content\/uploads\/2023\/03\/SENTIER-TIREPOIL.jpg?fit=768%2C1024&amp;ssl=1\" \/><\/div>\n\t\t<\/figure>\n\t<\/div>\n<\/div><\/div><\/div><\/div><div class=\"vc_row wpb_row vc_row-fluid\"><div class=\"wpb_column vc_column_container vc_col-sm-12\"><div class=\"vc_column-inner\"><div class=\"wpb_wrapper\">\n\t<div class=\"wpb_text_column wpb_content_element\"  >\n\t\t<div class=\"wpb_wrapper\">\n\t\t\t<h3 style=\"text-align: center;\"><strong>PRICE :<\/strong><\/h3>\n<h3 style=\"text-align: center;\" class=\"translation-block\"><strong>From 240\u20ac\/ half-day (4h) - 480\u20ac 8h day (Sedan up to 4 people)<\/strong><\/h3>\n<h3 style=\"text-align: center;\" class=\"translation-block\"><strong>From 320\u20ac\/ half-day (4h) - 640\u20ac 8h day (Van up to 7 people)<\/strong><\/h3>\n<p style=\"text-align: center;\">Recommended duration: day or 1\/2 day<\/p>\n<p>&nbsp;<\/p>\n<h4 style=\"text-align: center;\">This price understands :<\/h4>\n<ul>\n<li><strong>Pick up &amp; drop off from your holiday resort\u00a0<\/strong><\/li>\n<li><strong>Drop off and pick-up at visiting sites<\/strong><\/li>\n<li><strong>Water bottles<\/strong><\/li>\n<\/ul>\n\n\t\t<\/div>\n\t<\/div>\n<\/div><\/div><\/div><\/div><div class=\"vc_row wpb_row vc_row-fluid\"><div class=\"wpb_column vc_column_container vc_col-sm-12\"><div class=\"vc_column-inner\"><div class=\"wpb_wrapper\"><div class=\"boc_spacing\" style=\"height: 20px\"><\/div><\/div><\/div><\/div><\/div><div class=\"vc_row wpb_row vc_row-fluid\"><div class=\"wpb_column vc_column_container vc_col-sm-12\"><div class=\"vc_column-inner\"><div class=\"wpb_wrapper\">\n\t<div class=\"wpb_text_column wpb_content_element\"  >\n\t\t<div class=\"wpb_wrapper\">\n\t\t\t<h2 style=\"text-align: center;\" class=\"translation-block\">For program details &amp; reservation: St\u00e9phane <a href=\"https:\/\/wa.me\/33602274590\" target=\"_blank\" rel=\"noopener\">+33 (0)6 02 27 45 90<\/a><\/strong><\/h2>\n\n\t\t<\/div>\n\t<\/div>\n<\/div><\/div><\/div><\/div>","protected":false},"excerpt":{"rendered":"ANTIBES SON CAP &amp; LA GAROUPE Avant d\u2019arriver au centre ville d\u2019Antibes, faisons halte au Fort Carr\u00e9, l\u2019un des premiers forts bastionn\u00e9s \u00e0 \u00eatre construit \u00e0 la Renaissance. D\u00e9couvrez son histoire passionnante, son chemin de ronde s'\u00e9levant \u00e0 43 m\u00e8tres offrant une vue imprenable et son parc prot\u00e9g\u00e9 de 4 hectares. Plongez ensuite au c\u0153ur...","protected":false},"author":213804223,"featured_media":0,"parent":0,"menu_order":0,"comment_status":"closed","ping_status":"closed","template":"","meta":{"footnotes":""},"class_list":["post-1553","page","type-page","status-publish","hentry"],"yoast_head":"<!-- This site is optimized with the Yoast SEO plugin v27.3 - https:\/\/yoast.com\/product\/yoast-seo-wordpress\/ -->\n<title>ANTIBES - SON CAP &amp; LA GAROUPE - vtc du soleil<\/title>\n<meta name=\"description\" content=\"Excursion avec VTC du Soleil Antibes, son Cap et la Garoupe : ne pas manquer sa jolie plage et son sentier du littoral\" \/>\n<meta name=\"robots\" content=\"index, follow, max-snippet:-1, max-image-preview:large, max-video-preview:-1\" \/>\n<link rel=\"canonical\" href=\"https:\/\/vtcdusoleil.fr\/en\/antibes-son-cap-la-garoupe\/\" \/>\n<meta property=\"og:locale\" content=\"en_US\" \/>\n<meta property=\"og:type\" content=\"article\" \/>\n<meta property=\"og:title\" content=\"ANTIBES - SON CAP &amp; LA GAROUPE - vtc du soleil\" \/>\n<meta property=\"og:description\" content=\"Excursion avec VTC du Soleil Antibes, son Cap et la Garoupe : ne pas manquer sa jolie plage et son sentier du littoral\" \/>\n<meta property=\"og:url\" content=\"https:\/\/vtcdusoleil.fr\/en\/antibes-son-cap-la-garoupe\/\" \/>\n<meta property=\"og:site_name\" content=\"vtc du soleil\" \/>\n<meta property=\"article:publisher\" content=\"https:\/\/www.facebook.com\/vtcdusoleil06\" \/>\n<meta property=\"article:modified_time\" content=\"2025-07-10T08:47:00+00:00\" \/>\n<meta property=\"og:image\" content=\"https:\/\/vtcdusoleil.fr\/wp-content\/uploads\/2023\/03\/REMPART-ANTIBES-300x200.jpg\" \/>\n<meta name=\"twitter:card\" content=\"summary_large_image\" \/>\n<meta name=\"twitter:label1\" content=\"Est. reading time\" \/>\n\t<meta name=\"twitter:data1\" content=\"3 minutes\" \/>\n<script type=\"application\/ld+json\" class=\"yoast-schema-graph\">{\"@context\":\"https:\\\/\\\/schema.org\",\"@graph\":[{\"@type\":\"WebPage\",\"@id\":\"https:\\\/\\\/vtcdusoleil.fr\\\/antibes-son-cap-la-garoupe\\\/\",\"url\":\"https:\\\/\\\/vtcdusoleil.fr\\\/antibes-son-cap-la-garoupe\\\/\",\"name\":\"ANTIBES - SON CAP & LA GAROUPE - vtc du soleil\",\"isPartOf\":{\"@id\":\"https:\\\/\\\/vtcdusoleil.fr\\\/#website\"},\"primaryImageOfPage\":{\"@id\":\"https:\\\/\\\/vtcdusoleil.fr\\\/antibes-son-cap-la-garoupe\\\/#primaryimage\"},\"image\":{\"@id\":\"https:\\\/\\\/vtcdusoleil.fr\\\/antibes-son-cap-la-garoupe\\\/#primaryimage\"},\"thumbnailUrl\":\"https:\\\/\\\/vtcdusoleil.fr\\\/wp-content\\\/uploads\\\/2023\\\/03\\\/REMPART-ANTIBES-300x200.jpg\",\"datePublished\":\"2023-03-23T10:30:29+00:00\",\"dateModified\":\"2025-07-10T08:47:00+00:00\",\"description\":\"Excursion avec VTC du Soleil Antibes, son Cap et la Garoupe : ne pas manquer sa jolie plage et son sentier du littoral\",\"breadcrumb\":{\"@id\":\"https:\\\/\\\/vtcdusoleil.fr\\\/antibes-son-cap-la-garoupe\\\/#breadcrumb\"},\"inLanguage\":\"en-US\",\"potentialAction\":[{\"@type\":\"ReadAction\",\"target\":[\"https:\\\/\\\/vtcdusoleil.fr\\\/antibes-son-cap-la-garoupe\\\/\"]}]},{\"@type\":\"ImageObject\",\"inLanguage\":\"en-US\",\"@id\":\"https:\\\/\\\/vtcdusoleil.fr\\\/antibes-son-cap-la-garoupe\\\/#primaryimage\",\"url\":\"https:\\\/\\\/vtcdusoleil.fr\\\/wp-content\\\/uploads\\\/2023\\\/03\\\/REMPART-ANTIBES-300x200.jpg\",\"contentUrl\":\"https:\\\/\\\/vtcdusoleil.fr\\\/wp-content\\\/uploads\\\/2023\\\/03\\\/REMPART-ANTIBES-300x200.jpg\"},{\"@type\":\"BreadcrumbList\",\"@id\":\"https:\\\/\\\/vtcdusoleil.fr\\\/antibes-son-cap-la-garoupe\\\/#breadcrumb\",\"itemListElement\":[{\"@type\":\"ListItem\",\"position\":1,\"name\":\"Accueil\",\"item\":\"https:\\\/\\\/vtcdusoleil.fr\\\/\"},{\"@type\":\"ListItem\",\"position\":2,\"name\":\"ANTIBES &#8211; SON CAP &#038; LA GAROUPE\"}]},{\"@type\":\"WebSite\",\"@id\":\"https:\\\/\\\/vtcdusoleil.fr\\\/#website\",\"url\":\"https:\\\/\\\/vtcdusoleil.fr\\\/\",\"name\":\"vtc du soleil\",\"description\":\"chauffeur priv\u00e9 &amp; Conciergerie sur la Cote d&#039;Azur\",\"publisher\":{\"@id\":\"https:\\\/\\\/vtcdusoleil.fr\\\/#organization\"},\"potentialAction\":[{\"@type\":\"SearchAction\",\"target\":{\"@type\":\"EntryPoint\",\"urlTemplate\":\"https:\\\/\\\/vtcdusoleil.fr\\\/?s={search_term_string}\"},\"query-input\":{\"@type\":\"PropertyValueSpecification\",\"valueRequired\":true,\"valueName\":\"search_term_string\"}}],\"inLanguage\":\"en-US\"},{\"@type\":\"Organization\",\"@id\":\"https:\\\/\\\/vtcdusoleil.fr\\\/#organization\",\"name\":\"vtcdusoleil\",\"url\":\"https:\\\/\\\/vtcdusoleil.fr\\\/\",\"logo\":{\"@type\":\"ImageObject\",\"inLanguage\":\"en-US\",\"@id\":\"https:\\\/\\\/vtcdusoleil.fr\\\/#\\\/schema\\\/logo\\\/image\\\/\",\"url\":\"https:\\\/\\\/i0.wp.com\\\/vtcdusoleil.fr\\\/wp-content\\\/uploads\\\/2022\\\/03\\\/cropped-VTC-DU-SOLEIL-LOGO-e1648652647924.png?fit=117%2C117&ssl=1\",\"contentUrl\":\"https:\\\/\\\/i0.wp.com\\\/vtcdusoleil.fr\\\/wp-content\\\/uploads\\\/2022\\\/03\\\/cropped-VTC-DU-SOLEIL-LOGO-e1648652647924.png?fit=117%2C117&ssl=1\",\"width\":117,\"height\":117,\"caption\":\"vtcdusoleil\"},\"image\":{\"@id\":\"https:\\\/\\\/vtcdusoleil.fr\\\/#\\\/schema\\\/logo\\\/image\\\/\"},\"sameAs\":[\"https:\\\/\\\/www.facebook.com\\\/vtcdusoleil06\",\"https:\\\/\\\/www.instagram.com\\\/vtcdusoleil06\\\/\"]}]}<\/script>\n<!-- \/ Yoast SEO plugin. -->","yoast_head_json":{"title":"ANTIBES - SON CAP & LA GAROUPE - vtc du soleil","description":"Excursion avec VTC du Soleil Antibes, son Cap et la Garoupe : ne pas manquer sa jolie plage et son sentier du littoral","robots":{"index":"index","follow":"follow","max-snippet":"max-snippet:-1","max-image-preview":"max-image-preview:large","max-video-preview":"max-video-preview:-1"},"canonical":"https:\/\/vtcdusoleil.fr\/en\/antibes-son-cap-la-garoupe\/","og_locale":"en_US","og_type":"article","og_title":"ANTIBES - SON CAP & LA GAROUPE - vtc du soleil","og_description":"Excursion avec VTC du Soleil Antibes, son Cap et la Garoupe : ne pas manquer sa jolie plage et son sentier du littoral","og_url":"https:\/\/vtcdusoleil.fr\/en\/antibes-son-cap-la-garoupe\/","og_site_name":"vtc du soleil","article_publisher":"https:\/\/www.facebook.com\/vtcdusoleil06","article_modified_time":"2025-07-10T08:47:00+00:00","og_image":[{"url":"https:\/\/vtcdusoleil.fr\/wp-content\/uploads\/2023\/03\/REMPART-ANTIBES-300x200.jpg","type":"","width":"","height":""}],"twitter_card":"summary_large_image","twitter_misc":{"Est. reading time":"3 minutes"},"schema":{"@context":"https:\/\/schema.org","@graph":[{"@type":"WebPage","@id":"https:\/\/vtcdusoleil.fr\/antibes-son-cap-la-garoupe\/","url":"https:\/\/vtcdusoleil.fr\/antibes-son-cap-la-garoupe\/","name":"ANTIBES - SON CAP & LA GAROUPE - vtc du soleil","isPartOf":{"@id":"https:\/\/vtcdusoleil.fr\/#website"},"primaryImageOfPage":{"@id":"https:\/\/vtcdusoleil.fr\/antibes-son-cap-la-garoupe\/#primaryimage"},"image":{"@id":"https:\/\/vtcdusoleil.fr\/antibes-son-cap-la-garoupe\/#primaryimage"},"thumbnailUrl":"https:\/\/vtcdusoleil.fr\/wp-content\/uploads\/2023\/03\/REMPART-ANTIBES-300x200.jpg","datePublished":"2023-03-23T10:30:29+00:00","dateModified":"2025-07-10T08:47:00+00:00","description":"Excursion avec VTC du Soleil Antibes, son Cap et la Garoupe : ne pas manquer sa jolie plage et son sentier du littoral","breadcrumb":{"@id":"https:\/\/vtcdusoleil.fr\/antibes-son-cap-la-garoupe\/#breadcrumb"},"inLanguage":"en-US","potentialAction":[{"@type":"ReadAction","target":["https:\/\/vtcdusoleil.fr\/antibes-son-cap-la-garoupe\/"]}]},{"@type":"ImageObject","inLanguage":"en-US","@id":"https:\/\/vtcdusoleil.fr\/antibes-son-cap-la-garoupe\/#primaryimage","url":"https:\/\/vtcdusoleil.fr\/wp-content\/uploads\/2023\/03\/REMPART-ANTIBES-300x200.jpg","contentUrl":"https:\/\/vtcdusoleil.fr\/wp-content\/uploads\/2023\/03\/REMPART-ANTIBES-300x200.jpg"},{"@type":"BreadcrumbList","@id":"https:\/\/vtcdusoleil.fr\/antibes-son-cap-la-garoupe\/#breadcrumb","itemListElement":[{"@type":"ListItem","position":1,"name":"Accueil","item":"https:\/\/vtcdusoleil.fr\/"},{"@type":"ListItem","position":2,"name":"ANTIBES &#8211; SON CAP &#038; LA GAROUPE"}]},{"@type":"WebSite","@id":"https:\/\/vtcdusoleil.fr\/#website","url":"https:\/\/vtcdusoleil.fr\/","name":"vtc du soleil","description":"chauffeur priv\u00e9 &amp; Conciergerie sur la Cote d&#039;Azur","publisher":{"@id":"https:\/\/vtcdusoleil.fr\/#organization"},"potentialAction":[{"@type":"SearchAction","target":{"@type":"EntryPoint","urlTemplate":"https:\/\/vtcdusoleil.fr\/?s={search_term_string}"},"query-input":{"@type":"PropertyValueSpecification","valueRequired":true,"valueName":"search_term_string"}}],"inLanguage":"en-US"},{"@type":"Organization","@id":"https:\/\/vtcdusoleil.fr\/#organization","name":"vtcdusoleil","url":"https:\/\/vtcdusoleil.fr\/","logo":{"@type":"ImageObject","inLanguage":"en-US","@id":"https:\/\/vtcdusoleil.fr\/#\/schema\/logo\/image\/","url":"https:\/\/i0.wp.com\/vtcdusoleil.fr\/wp-content\/uploads\/2022\/03\/cropped-VTC-DU-SOLEIL-LOGO-e1648652647924.png?fit=117%2C117&ssl=1","contentUrl":"https:\/\/i0.wp.com\/vtcdusoleil.fr\/wp-content\/uploads\/2022\/03\/cropped-VTC-DU-SOLEIL-LOGO-e1648652647924.png?fit=117%2C117&ssl=1","width":117,"height":117,"caption":"vtcdusoleil"},"image":{"@id":"https:\/\/vtcdusoleil.fr\/#\/schema\/logo\/image\/"},"sameAs":["https:\/\/www.facebook.com\/vtcdusoleil06","https:\/\/www.instagram.com\/vtcdusoleil06\/"]}]}},"jetpack_likes_enabled":true,"jetpack_sharing_enabled":true,"jetpack_shortlink":"https:\/\/wp.me\/PdwctZ-p3","amp_enabled":true,"_links":{"self":[{"href":"https:\/\/vtcdusoleil.fr\/en\/wp-json\/wp\/v2\/pages\/1553","targetHints":{"allow":["GET"]}}],"collection":[{"href":"https:\/\/vtcdusoleil.fr\/en\/wp-json\/wp\/v2\/pages"}],"about":[{"href":"https:\/\/vtcdusoleil.fr\/en\/wp-json\/wp\/v2\/types\/page"}],"author":[{"embeddable":true,"href":"https:\/\/vtcdusoleil.fr\/en\/wp-json\/wp\/v2\/users\/213804223"}],"replies":[{"embeddable":true,"href":"https:\/\/vtcdusoleil.fr\/en\/wp-json\/wp\/v2\/comments?post=1553"}],"version-history":[{"count":27,"href":"https:\/\/vtcdusoleil.fr\/en\/wp-json\/wp\/v2\/pages\/1553\/revisions"}],"predecessor-version":[{"id":2539,"href":"https:\/\/vtcdusoleil.fr\/en\/wp-json\/wp\/v2\/pages\/1553\/revisions\/2539"}],"wp:attachment":[{"href":"https:\/\/vtcdusoleil.fr\/en\/wp-json\/wp\/v2\/media?parent=1553"}],"curies":[{"name":"wp","href":"https:\/\/api.w.org\/{rel}","templated":true}]}}