{"id":2327,"date":"2025-03-05T17:27:02","date_gmt":"2025-03-05T16:27:02","guid":{"rendered":"https:\/\/vtcdusoleil.fr\/?page_id=2327"},"modified":"2025-03-05T17:29:49","modified_gmt":"2025-03-05T16:29:49","slug":"evenementiel","status":"publish","type":"page","link":"https:\/\/vtcdusoleil.fr\/en\/evenementiel\/","title":{"rendered":"EVENTS"},"content":{"rendered":"<div class=\"vc_row wpb_row vc_row-fluid\"><div class=\"wpb_column vc_column_container vc_col-sm-12\"><div class=\"vc_column-inner\"><div class=\"wpb_wrapper\"><div class=\"boc_spacing\" style=\"height: 20px\"><\/div><h2 class=\"boc_heading  center   inherit_weight translation-block\"  style=\"color: #333;\" ><span>VTC DU SOLEIL<strong> YOUR PARTNER FOR EVENTS<\/strong> <\/span><\/h2><div class=\"boc_spacing\" style=\"height: 20px\"><\/div><\/div><\/div><\/div><\/div><div class=\"vc_row wpb_row vc_row-fluid\"><div class=\"wpb_column vc_column_container vc_col-sm-12\"><div class=\"vc_column-inner\"><div class=\"wpb_wrapper\">\n\t<div class=\"wpb_text_column wpb_content_element\"  >\n\t\t<div class=\"wpb_wrapper\">\n\t\t\t<h2 style=\"text-align: center;\">Organisation of all your transfers:<\/h2>\n<h4><\/h4>\n\n\t\t<\/div>\n\t<\/div>\n<\/div><\/div><\/div><\/div><div class=\"vc_row wpb_row vc_row-fluid\"><div class=\"wpb_column vc_column_container vc_col-sm-12\"><div class=\"vc_column-inner\"><div class=\"wpb_wrapper\">\n\t<div class=\"wpb_text_column wpb_content_element\"  >\n\t\t<div class=\"wpb_wrapper\">\n\t\t\t<h3 style=\"text-align: center;\"><strong>Birthdays, conferences, trade fairs, family or business parties, stag or hen parties, weddings...<\/strong><\/h3>\n<h4 style=\"text-align: center;\">We are at your disposal to help you organise travel for all your events.<\/h4>\n\n\t\t<\/div>\n\t<\/div>\n<\/div><\/div><\/div><\/div><div class=\"vc_row wpb_row vc_row-fluid\"><div class=\"wpb_column vc_column_container vc_col-sm-12\"><div class=\"vc_column-inner\"><div class=\"wpb_wrapper\">\n\t<div class=\"wpb_text_column wpb_content_element\"  >\n\t\t<div class=\"wpb_wrapper\">\n\t\t\t<p style=\"text-align: center;\"><img data-recalc-dims=\"1\" loading=\"lazy\" decoding=\"async\" data-attachment-id=\"2328\" data-permalink=\"https:\/\/vtcdusoleil.fr\/en\/evenementiel\/flyer-vtc-du-soleil-congres\/\" data-orig-file=\"https:\/\/i0.wp.com\/vtcdusoleil.fr\/wp-content\/uploads\/2025\/03\/Flyer-VTC-DU-SOLEIL-CONGRES.png?fit=1414%2C2000&amp;ssl=1\" data-orig-size=\"1414,2000\" data-comments-opened=\"1\" data-image-meta=\"{&quot;aperture&quot;:&quot;0&quot;,&quot;credit&quot;:&quot;&quot;,&quot;camera&quot;:&quot;&quot;,&quot;caption&quot;:&quot;&quot;,&quot;created_timestamp&quot;:&quot;0&quot;,&quot;copyright&quot;:&quot;&quot;,&quot;focal_length&quot;:&quot;0&quot;,&quot;iso&quot;:&quot;0&quot;,&quot;shutter_speed&quot;:&quot;0&quot;,&quot;title&quot;:&quot;&quot;,&quot;orientation&quot;:&quot;0&quot;}\" data-image-title=\"Flyer VTC DU SOLEIL CONGRES\" data-image-description=\"&lt;p&gt;congres \u00e9v\u00e8nementiel anniversaire mariage avec VTC du Soleil&lt;\/p&gt;\" data-image-caption=\"\" data-medium-file=\"https:\/\/i0.wp.com\/vtcdusoleil.fr\/wp-content\/uploads\/2025\/03\/Flyer-VTC-DU-SOLEIL-CONGRES.png?fit=212%2C300&amp;ssl=1\" data-large-file=\"https:\/\/i0.wp.com\/vtcdusoleil.fr\/wp-content\/uploads\/2025\/03\/Flyer-VTC-DU-SOLEIL-CONGRES.png?fit=724%2C1024&amp;ssl=1\" class=\"size-large wp-image-2328 aligncenter\" src=\"https:\/\/i0.wp.com\/vtcdusoleil.fr\/wp-content\/uploads\/2025\/03\/Flyer-VTC-DU-SOLEIL-CONGRES.png?resize=724%2C1024&#038;ssl=1\" alt=\"\" width=\"724\" height=\"1024\" srcset=\"https:\/\/i0.wp.com\/vtcdusoleil.fr\/wp-content\/uploads\/2025\/03\/Flyer-VTC-DU-SOLEIL-CONGRES.png?resize=724%2C1024&amp;ssl=1 724w, https:\/\/i0.wp.com\/vtcdusoleil.fr\/wp-content\/uploads\/2025\/03\/Flyer-VTC-DU-SOLEIL-CONGRES.png?resize=212%2C300&amp;ssl=1 212w, https:\/\/i0.wp.com\/vtcdusoleil.fr\/wp-content\/uploads\/2025\/03\/Flyer-VTC-DU-SOLEIL-CONGRES.png?resize=768%2C1086&amp;ssl=1 768w, https:\/\/i0.wp.com\/vtcdusoleil.fr\/wp-content\/uploads\/2025\/03\/Flyer-VTC-DU-SOLEIL-CONGRES.png?resize=1086%2C1536&amp;ssl=1 1086w, https:\/\/i0.wp.com\/vtcdusoleil.fr\/wp-content\/uploads\/2025\/03\/Flyer-VTC-DU-SOLEIL-CONGRES.png?resize=8%2C12&amp;ssl=1 8w, https:\/\/i0.wp.com\/vtcdusoleil.fr\/wp-content\/uploads\/2025\/03\/Flyer-VTC-DU-SOLEIL-CONGRES.png?w=1414&amp;ssl=1 1414w\" sizes=\"auto, (max-width: 724px) 100vw, 724px\" \/><\/p>\n\n\t\t<\/div>\n\t<\/div>\n<\/div><\/div><\/div><\/div><div class=\"vc_row wpb_row vc_row-fluid\"><div class=\"wpb_column vc_column_container vc_col-sm-12\"><div class=\"vc_column-inner\"><div class=\"wpb_wrapper\"><\/div><\/div><\/div><\/div>","protected":false},"excerpt":{"rendered":"VTC DU SOLEIL VOTRE PARTENAIRE EVENEMENTIEL Organisation de tous vos transferts : Anniversaires, congr\u00e8s, salons, f\u00eates familiales ou professionnelles, enterrement de vie de gar\u00e7on ou de jeune fille, mariages... Nous sommes \u00e0 votre disposition pour faciliter l'organisation des d\u00e9placements dans tous vos \u00e9v\u00e8nements.","protected":false},"author":213804223,"featured_media":0,"parent":0,"menu_order":0,"comment_status":"closed","ping_status":"closed","template":"","meta":{"jetpack_post_was_ever_published":false,"footnotes":""},"class_list":["post-2327","page","type-page","status-publish","hentry"],"yoast_head":"<!-- This site is optimized with the Yoast SEO plugin v27.3 - https:\/\/yoast.com\/product\/yoast-seo-wordpress\/ -->\n<title>EVENEMENTIEL - vtc du soleil<\/title>\n<meta name=\"description\" content=\"Votre Chauffeur Priv\u00e9 vous accompagne pour tous vos trajets sur la c\u00f4te d&#039;Azur et son service de conciergerie vous facilite la vie\" \/>\n<meta name=\"robots\" content=\"index, follow, max-snippet:-1, max-image-preview:large, max-video-preview:-1\" \/>\n<link rel=\"canonical\" href=\"https:\/\/vtcdusoleil.fr\/en\/evenementiel\/\" \/>\n<meta property=\"og:locale\" content=\"en_US\" \/>\n<meta property=\"og:type\" content=\"article\" \/>\n<meta property=\"og:title\" content=\"EVENEMENTIEL - vtc du soleil\" \/>\n<meta property=\"og:description\" content=\"Votre Chauffeur Priv\u00e9 vous accompagne pour tous vos trajets sur la c\u00f4te d&#039;Azur et son service de conciergerie vous facilite la vie\" \/>\n<meta property=\"og:url\" content=\"https:\/\/vtcdusoleil.fr\/en\/evenementiel\/\" \/>\n<meta property=\"og:site_name\" content=\"vtc du soleil\" \/>\n<meta property=\"article:publisher\" content=\"https:\/\/www.facebook.com\/vtcdusoleil06\" \/>\n<meta property=\"article:modified_time\" content=\"2025-03-05T16:29:49+00:00\" \/>\n<meta property=\"og:image\" content=\"https:\/\/vtcdusoleil.fr\/wp-content\/uploads\/2025\/03\/Flyer-VTC-DU-SOLEIL-CONGRES-724x1024.png\" \/>\n<meta name=\"twitter:card\" content=\"summary_large_image\" \/>\n<meta name=\"twitter:label1\" content=\"Est. reading time\" \/>\n\t<meta name=\"twitter:data1\" content=\"1 minute\" \/>\n<script type=\"application\/ld+json\" class=\"yoast-schema-graph\">{\"@context\":\"https:\\\/\\\/schema.org\",\"@graph\":[{\"@type\":\"WebPage\",\"@id\":\"https:\\\/\\\/vtcdusoleil.fr\\\/evenementiel\\\/\",\"url\":\"https:\\\/\\\/vtcdusoleil.fr\\\/evenementiel\\\/\",\"name\":\"EVENEMENTIEL - vtc du soleil\",\"isPartOf\":{\"@id\":\"https:\\\/\\\/vtcdusoleil.fr\\\/#website\"},\"primaryImageOfPage\":{\"@id\":\"https:\\\/\\\/vtcdusoleil.fr\\\/evenementiel\\\/#primaryimage\"},\"image\":{\"@id\":\"https:\\\/\\\/vtcdusoleil.fr\\\/evenementiel\\\/#primaryimage\"},\"thumbnailUrl\":\"https:\\\/\\\/vtcdusoleil.fr\\\/wp-content\\\/uploads\\\/2025\\\/03\\\/Flyer-VTC-DU-SOLEIL-CONGRES-724x1024.png\",\"datePublished\":\"2025-03-05T16:27:02+00:00\",\"dateModified\":\"2025-03-05T16:29:49+00:00\",\"description\":\"Votre Chauffeur Priv\u00e9 vous accompagne pour tous vos trajets sur la c\u00f4te d'Azur et son service de conciergerie vous facilite la vie\",\"breadcrumb\":{\"@id\":\"https:\\\/\\\/vtcdusoleil.fr\\\/evenementiel\\\/#breadcrumb\"},\"inLanguage\":\"en-US\",\"potentialAction\":[{\"@type\":\"ReadAction\",\"target\":[\"https:\\\/\\\/vtcdusoleil.fr\\\/evenementiel\\\/\"]}]},{\"@type\":\"ImageObject\",\"inLanguage\":\"en-US\",\"@id\":\"https:\\\/\\\/vtcdusoleil.fr\\\/evenementiel\\\/#primaryimage\",\"url\":\"https:\\\/\\\/vtcdusoleil.fr\\\/wp-content\\\/uploads\\\/2025\\\/03\\\/Flyer-VTC-DU-SOLEIL-CONGRES-724x1024.png\",\"contentUrl\":\"https:\\\/\\\/vtcdusoleil.fr\\\/wp-content\\\/uploads\\\/2025\\\/03\\\/Flyer-VTC-DU-SOLEIL-CONGRES-724x1024.png\"},{\"@type\":\"BreadcrumbList\",\"@id\":\"https:\\\/\\\/vtcdusoleil.fr\\\/evenementiel\\\/#breadcrumb\",\"itemListElement\":[{\"@type\":\"ListItem\",\"position\":1,\"name\":\"Accueil\",\"item\":\"https:\\\/\\\/vtcdusoleil.fr\\\/\"},{\"@type\":\"ListItem\",\"position\":2,\"name\":\"EVENEMENTIEL\"}]},{\"@type\":\"WebSite\",\"@id\":\"https:\\\/\\\/vtcdusoleil.fr\\\/#website\",\"url\":\"https:\\\/\\\/vtcdusoleil.fr\\\/\",\"name\":\"vtc du soleil\",\"description\":\"chauffeur priv\u00e9 &amp; Conciergerie sur la Cote d&#039;Azur\",\"publisher\":{\"@id\":\"https:\\\/\\\/vtcdusoleil.fr\\\/#organization\"},\"potentialAction\":[{\"@type\":\"SearchAction\",\"target\":{\"@type\":\"EntryPoint\",\"urlTemplate\":\"https:\\\/\\\/vtcdusoleil.fr\\\/?s={search_term_string}\"},\"query-input\":{\"@type\":\"PropertyValueSpecification\",\"valueRequired\":true,\"valueName\":\"search_term_string\"}}],\"inLanguage\":\"en-US\"},{\"@type\":\"Organization\",\"@id\":\"https:\\\/\\\/vtcdusoleil.fr\\\/#organization\",\"name\":\"vtcdusoleil\",\"url\":\"https:\\\/\\\/vtcdusoleil.fr\\\/\",\"logo\":{\"@type\":\"ImageObject\",\"inLanguage\":\"en-US\",\"@id\":\"https:\\\/\\\/vtcdusoleil.fr\\\/#\\\/schema\\\/logo\\\/image\\\/\",\"url\":\"https:\\\/\\\/i0.wp.com\\\/vtcdusoleil.fr\\\/wp-content\\\/uploads\\\/2022\\\/03\\\/cropped-VTC-DU-SOLEIL-LOGO-e1648652647924.png?fit=117%2C117&ssl=1\",\"contentUrl\":\"https:\\\/\\\/i0.wp.com\\\/vtcdusoleil.fr\\\/wp-content\\\/uploads\\\/2022\\\/03\\\/cropped-VTC-DU-SOLEIL-LOGO-e1648652647924.png?fit=117%2C117&ssl=1\",\"width\":117,\"height\":117,\"caption\":\"vtcdusoleil\"},\"image\":{\"@id\":\"https:\\\/\\\/vtcdusoleil.fr\\\/#\\\/schema\\\/logo\\\/image\\\/\"},\"sameAs\":[\"https:\\\/\\\/www.facebook.com\\\/vtcdusoleil06\",\"https:\\\/\\\/www.instagram.com\\\/vtcdusoleil06\\\/\"]}]}<\/script>\n<!-- \/ Yoast SEO plugin. -->","yoast_head_json":{"title":"EVENEMENTIEL - vtc du soleil","description":"Votre Chauffeur Priv\u00e9 vous accompagne pour tous vos trajets sur la c\u00f4te d'Azur et son service de conciergerie vous facilite la vie","robots":{"index":"index","follow":"follow","max-snippet":"max-snippet:-1","max-image-preview":"max-image-preview:large","max-video-preview":"max-video-preview:-1"},"canonical":"https:\/\/vtcdusoleil.fr\/en\/evenementiel\/","og_locale":"en_US","og_type":"article","og_title":"EVENEMENTIEL - vtc du soleil","og_description":"Votre Chauffeur Priv\u00e9 vous accompagne pour tous vos trajets sur la c\u00f4te d'Azur et son service de conciergerie vous facilite la vie","og_url":"https:\/\/vtcdusoleil.fr\/en\/evenementiel\/","og_site_name":"vtc du soleil","article_publisher":"https:\/\/www.facebook.com\/vtcdusoleil06","article_modified_time":"2025-03-05T16:29:49+00:00","og_image":[{"url":"https:\/\/vtcdusoleil.fr\/wp-content\/uploads\/2025\/03\/Flyer-VTC-DU-SOLEIL-CONGRES-724x1024.png","type":"","width":"","height":""}],"twitter_card":"summary_large_image","twitter_misc":{"Est. reading time":"1 minute"},"schema":{"@context":"https:\/\/schema.org","@graph":[{"@type":"WebPage","@id":"https:\/\/vtcdusoleil.fr\/evenementiel\/","url":"https:\/\/vtcdusoleil.fr\/evenementiel\/","name":"EVENEMENTIEL - vtc du soleil","isPartOf":{"@id":"https:\/\/vtcdusoleil.fr\/#website"},"primaryImageOfPage":{"@id":"https:\/\/vtcdusoleil.fr\/evenementiel\/#primaryimage"},"image":{"@id":"https:\/\/vtcdusoleil.fr\/evenementiel\/#primaryimage"},"thumbnailUrl":"https:\/\/vtcdusoleil.fr\/wp-content\/uploads\/2025\/03\/Flyer-VTC-DU-SOLEIL-CONGRES-724x1024.png","datePublished":"2025-03-05T16:27:02+00:00","dateModified":"2025-03-05T16:29:49+00:00","description":"Votre Chauffeur Priv\u00e9 vous accompagne pour tous vos trajets sur la c\u00f4te d'Azur et son service de conciergerie vous facilite la vie","breadcrumb":{"@id":"https:\/\/vtcdusoleil.fr\/evenementiel\/#breadcrumb"},"inLanguage":"en-US","potentialAction":[{"@type":"ReadAction","target":["https:\/\/vtcdusoleil.fr\/evenementiel\/"]}]},{"@type":"ImageObject","inLanguage":"en-US","@id":"https:\/\/vtcdusoleil.fr\/evenementiel\/#primaryimage","url":"https:\/\/vtcdusoleil.fr\/wp-content\/uploads\/2025\/03\/Flyer-VTC-DU-SOLEIL-CONGRES-724x1024.png","contentUrl":"https:\/\/vtcdusoleil.fr\/wp-content\/uploads\/2025\/03\/Flyer-VTC-DU-SOLEIL-CONGRES-724x1024.png"},{"@type":"BreadcrumbList","@id":"https:\/\/vtcdusoleil.fr\/evenementiel\/#breadcrumb","itemListElement":[{"@type":"ListItem","position":1,"name":"Accueil","item":"https:\/\/vtcdusoleil.fr\/"},{"@type":"ListItem","position":2,"name":"EVENEMENTIEL"}]},{"@type":"WebSite","@id":"https:\/\/vtcdusoleil.fr\/#website","url":"https:\/\/vtcdusoleil.fr\/","name":"vtc du soleil","description":"chauffeur priv\u00e9 &amp; Conciergerie sur la Cote d&#039;Azur","publisher":{"@id":"https:\/\/vtcdusoleil.fr\/#organization"},"potentialAction":[{"@type":"SearchAction","target":{"@type":"EntryPoint","urlTemplate":"https:\/\/vtcdusoleil.fr\/?s={search_term_string}"},"query-input":{"@type":"PropertyValueSpecification","valueRequired":true,"valueName":"search_term_string"}}],"inLanguage":"en-US"},{"@type":"Organization","@id":"https:\/\/vtcdusoleil.fr\/#organization","name":"vtcdusoleil","url":"https:\/\/vtcdusoleil.fr\/","logo":{"@type":"ImageObject","inLanguage":"en-US","@id":"https:\/\/vtcdusoleil.fr\/#\/schema\/logo\/image\/","url":"https:\/\/i0.wp.com\/vtcdusoleil.fr\/wp-content\/uploads\/2022\/03\/cropped-VTC-DU-SOLEIL-LOGO-e1648652647924.png?fit=117%2C117&ssl=1","contentUrl":"https:\/\/i0.wp.com\/vtcdusoleil.fr\/wp-content\/uploads\/2022\/03\/cropped-VTC-DU-SOLEIL-LOGO-e1648652647924.png?fit=117%2C117&ssl=1","width":117,"height":117,"caption":"vtcdusoleil"},"image":{"@id":"https:\/\/vtcdusoleil.fr\/#\/schema\/logo\/image\/"},"sameAs":["https:\/\/www.facebook.com\/vtcdusoleil06","https:\/\/www.instagram.com\/vtcdusoleil06\/"]}]}},"jetpack_likes_enabled":true,"jetpack_sharing_enabled":true,"jetpack_shortlink":"https:\/\/wp.me\/PdwctZ-Bx","amp_enabled":true,"_links":{"self":[{"href":"https:\/\/vtcdusoleil.fr\/en\/wp-json\/wp\/v2\/pages\/2327","targetHints":{"allow":["GET"]}}],"collection":[{"href":"https:\/\/vtcdusoleil.fr\/en\/wp-json\/wp\/v2\/pages"}],"about":[{"href":"https:\/\/vtcdusoleil.fr\/en\/wp-json\/wp\/v2\/types\/page"}],"author":[{"embeddable":true,"href":"https:\/\/vtcdusoleil.fr\/en\/wp-json\/wp\/v2\/users\/213804223"}],"replies":[{"embeddable":true,"href":"https:\/\/vtcdusoleil.fr\/en\/wp-json\/wp\/v2\/comments?post=2327"}],"version-history":[{"count":17,"href":"https:\/\/vtcdusoleil.fr\/en\/wp-json\/wp\/v2\/pages\/2327\/revisions"}],"predecessor-version":[{"id":2347,"href":"https:\/\/vtcdusoleil.fr\/en\/wp-json\/wp\/v2\/pages\/2327\/revisions\/2347"}],"wp:attachment":[{"href":"https:\/\/vtcdusoleil.fr\/en\/wp-json\/wp\/v2\/media?parent=2327"}],"curies":[{"name":"wp","href":"https:\/\/api.w.org\/{rel}","templated":true}]}}