{"id":24,"date":"2022-04-23T17:34:15","date_gmt":"2022-04-23T15:34:15","guid":{"rendered":"https:\/\/vtcdusoleil.fr\/?page_id=24"},"modified":"2022-12-23T18:29:46","modified_gmt":"2022-12-23T17:29:46","slug":"mentions-legales","status":"publish","type":"page","link":"https:\/\/vtcdusoleil.fr\/en\/mentions-legales\/","title":{"rendered":"LEGAL NOTICE"},"content":{"rendered":"<h2><span id=\"lwptoc20\">1 &#8211; \u00c9dition du site<\/span><\/h2>\r\n<p>En vertu de\u00a0<a href=\"https:\/\/www.legifrance.gouv.fr\/affichTexte.do?cidTexte=JORFTEXT000000801164#LEGIARTI000042038977\" target=\"_blank\" rel=\"noreferrer noopener\">l&rsquo;article 6 de la loi n\u00b0 2004-575 du 21 juin 2004<\/a>\u00a0pour la confiance dans l&rsquo;\u00e9conomie num\u00e9rique, il est pr\u00e9cis\u00e9 aux utilisateurs du site internet\u00a0<strong><span class=\"ff_dynamic_value\" data-ref=\"url\" data-fallback=\"\"><a href=\"https:\/\/vtcdusoleil.fr\/en\/\">https:\/\/vtcdusoleil.fr<\/a><\/span><\/strong>\u00a0l&rsquo;identit\u00e9 des diff\u00e9rents intervenants dans le cadre de sa r\u00e9alisation et de son suivi:<\/p>\r\n<p><strong>Propri\u00e9taire du site :\u00a0<\/strong><span class=\"ff_dynamic_value\" data-ref=\"nom_proprietaire\" data-fallback=\"\">St\u00e9phane Deschamps G\u00e9rant de VTC du Soleil\u00a0<\/span><\/p>\r\n<p>Contact :\u00a0<span class=\"ff_dynamic_value\" data-ref=\"e_mail_contact\" data-fallback=\"\">vtcdusoleil06@gmail.com<\/span>\u00a0<span class=\"ff_dynamic_value\" data-ref=\"telephone\" data-fallback=\"\">0602274590<\/span>\u00a0<\/p>\r\n<p>Adresse :\u00a0<span class=\"ff_dynamic_value\" data-ref=\"adresse_postale\" data-fallback=\"\">211 chemin de la Carri\u00e8re de Montmeuille 06480 La Colle-sur-Loup<\/span>.<\/p>\r\n<p><strong>Identification de l&rsquo;entreprise :<\/strong> <span class=\"ff_dynamic_value\" data-ref=\"nom_proprietaire\" data-fallback=\"\">St\u00e9phane Deschamps G\u00e9rant de VTC du Soleil\u00a0<\/span><\/p>\r\n<p>au capital social de\u00a0<span class=\"ff_dynamic_value\" data-ref=\"capital_social\" data-fallback=\"\">1500<\/span>\u20ac<\/p>\r\n<p>SIREN : <span class=\"ff_dynamic_value\" data-ref=\"siren\" data-fallback=\"\">910974393<\/span><\/p>\r\n<p>RCS : Antibes B 910 974 393 &#8211;<\/p>\r\n<p>Adresse postale : <span class=\"ff_dynamic_value\" data-ref=\"adresse_postale\" data-fallback=\"\">211 chemin de la Carri\u00e8re de Montmeuille 06480 La Colle-sur-loup<\/span>\u00a0<\/p>\r\n<p><strong>Directeur de la publication :\u00a0<\/strong><span class=\"ff_dynamic_value\" data-ref=\"directeur_publication\" data-fallback=\"\">St\u00e9phane Deschamps<\/span>\u00a0&#8211; Contact :\u00a0<span class=\"ff_dynamic_value\" data-ref=\"contact_directeur\" data-fallback=\"\">0602274590<\/span>.<\/p>\r\n<p><strong>H\u00e9bergeur :<\/strong>\u00a0<span class=\"ff_dynamic_value\" data-ref=\"hebergeur\" data-fallback=\"\">WP Serveur &#8211; 07 Rue de la Cit\u00e9 Foulc, 30000 N\u00eemes &#8211; T\u00e9l\u00e9phone : 09.72.49.72.64<\/span><\/p>\r\n<p><strong>D\u00e9l\u00e9gu\u00e9 \u00e0 la protection des donn\u00e9es :\u00a0<\/strong><span class=\"ff_dynamic_value\" data-ref=\"dpo\" data-fallback=\"\">St\u00e9phane Deschamps<\/span>\u00a0&#8211;\u00a0<span class=\"ff_dynamic_value\" data-ref=\"contact_dpo\" data-fallback=\"\">deschamps.ste@gmail.com<\/span><\/p>\r\n<p><strong>Autres contributeurs : <\/strong>Thieffen LE MASNE Webmaster<\/p>\r\n<hr class=\"wp-block-separator\" \/>\r\n<h2><span id=\"lwptoc21\">2 &#8211; Propri\u00e9t\u00e9 intellectuelle et contrefa\u00e7ons.<\/span><\/h2>\r\n<p><strong><span class=\"ff_dynamic_value\" data-ref=\"nom_proprietaire\" data-fallback=\"\">St\u00e9phane Deschamps G\u00e9rant de VTC du Soleil\u00a0<\/span><\/strong>est propri\u00e9taire des droits de propri\u00e9t\u00e9 intellectuelle et d\u00e9tient les droits d\u2019usage sur tous les \u00e9l\u00e9ments accessibles sur le site internet, notamment les textes, images, graphismes, logos, vid\u00e9os, architecture, ic\u00f4nes et sons.<\/p>\r\n<p>Toute reproduction, repr\u00e9sentation, modification, publication, adaptation de tout ou partie des \u00e9l\u00e9ments du site, quel que soit le moyen ou le proc\u00e9d\u00e9 utilis\u00e9, est interdite, sauf autorisation \u00e9crite pr\u00e9alable de\u00a0<strong><span class=\"ff_dynamic_value\" data-ref=\"nom_proprietaire\" data-fallback=\"\">St\u00e9phane Deschamps G\u00e9rant de VTC du Soleil\u00a0<\/span><\/strong>.<\/p>\r\n<p>Toute exploitation non autoris\u00e9e du site ou de l\u2019un quelconque des \u00e9l\u00e9ments qu\u2019il contient sera consid\u00e9r\u00e9e comme constitutive d\u2019une contrefa\u00e7on et poursuivie conform\u00e9ment aux dispositions des articles\u00a0<a href=\"https:\/\/www.legifrance.gouv.fr\/affichCodeArticle.do?idArticle=LEGIARTI000032655082&amp;cidTexte=LEGITEXT000006069414&amp;dateTexte=20160605\" target=\"_blank\" rel=\"noreferrer nofollow noopener\">L.335-2 et suivants du Code de Propri\u00e9t\u00e9 Intellectuelle<\/a>.<\/p>\r\n<hr class=\"wp-block-separator\" \/>\r\n<h2><span id=\"lwptoc22\">3 &#8211; Limitations de responsabilit\u00e9.<\/span><\/h2>\r\n<p><strong><span class=\"ff_dynamic_value\" data-ref=\"nom_proprietaire\" data-fallback=\"\">St\u00e9phane Deschamps G\u00e9rant de VTC du Soleil\u00a0<\/span><\/strong>ne pourra \u00eatre tenu pour responsable des dommages directs et indirects caus\u00e9s au mat\u00e9riel de l\u2019utilisateur, lors de l\u2019acc\u00e8s au site\u00a0<strong><span class=\"ff_dynamic_value\" data-ref=\"url\" data-fallback=\"\"><a href=\"https:\/\/vtcdusoleil.fr\/en\/\">https:\/\/vtcdusoleil.fr<\/a><\/span><\/strong>.<\/p>\r\n<p><strong><span class=\"ff_dynamic_value\" data-ref=\"nom_proprietaire\" data-fallback=\"\">St\u00e9phane Deschamps G\u00e9rant de VTC du Soleil\u00a0<\/span><\/strong>d\u00e9cline toute responsabilit\u00e9 quant \u00e0 l\u2019utilisation qui pourrait \u00eatre faite des informations et contenus pr\u00e9sents sur\u00a0<strong><span class=\"ff_dynamic_value\" data-ref=\"url\" data-fallback=\"\"><a href=\"https:\/\/vtcdusoleil.fr\/en\/\">https:\/\/vtcdusoleil.fr<\/a><\/span><\/strong>.<\/p>\r\n<p><strong><span class=\"ff_dynamic_value\" data-ref=\"nom_proprietaire\" data-fallback=\"\">St\u00e9phane Deschamps G\u00e9rant de VTC du Soleil\u00a0<\/span><\/strong>s\u2019engage \u00e0 s\u00e9curiser au mieux le site\u00a0<strong><span class=\"ff_dynamic_value\" data-ref=\"url\" data-fallback=\"\"><a href=\"https:\/\/vtcdusoleil.fr\/en\/\">https:\/\/vtcdusoleil.fr<\/a><\/span><\/strong>, cependant sa responsabilit\u00e9 ne pourra \u00eatre mise en cause si des donn\u00e9es ind\u00e9sirables sont import\u00e9es et install\u00e9es sur son site \u00e0 son insu.<\/p>\r\n<p>Des espaces interactifs (espace contact ou commentaires) sont \u00e0 la disposition des utilisateurs.\u00a0<strong><span class=\"ff_dynamic_value\" data-ref=\"nom_proprietaire\" data-fallback=\"\">St\u00e9phane Deschamps G\u00e9rant de VTC du Soleil\u00a0<\/span><\/strong>se r\u00e9serve le droit de supprimer, sans mise en demeure pr\u00e9alable, tout contenu d\u00e9pos\u00e9 dans cet espace qui contreviendrait \u00e0 la l\u00e9gislation applicable en France, en particulier aux dispositions relatives \u00e0 la protection des donn\u00e9es.<\/p>\r\n<p>Le cas \u00e9ch\u00e9ant,\u00a0<strong><span class=\"ff_dynamic_value\" data-ref=\"nom_proprietaire\" data-fallback=\"\">St\u00e9phane Deschamps G\u00e9rant de VTC du Soleil\u00a0<\/span><\/strong>se r\u00e9serve \u00e9galement la possibilit\u00e9 de mettre en cause la responsabilit\u00e9 civile et\/ou p\u00e9nale de l\u2019utilisateur, notamment en cas de message \u00e0 caract\u00e8re raciste, injurieux, diffamant, ou pornographique, quel que soit le support utilis\u00e9 (texte, photographie \u2026).<\/p>\r\n<hr class=\"wp-block-separator\" \/>\r\n<h2><span id=\"lwptoc23\">4 &#8211; CNIL et gestion des donn\u00e9es personnelles.<\/span><\/h2>\r\n<p>En France, les donn\u00e9es personnelles sont notamment prot\u00e9g\u00e9es par la loi n\u00b0 78-87 du 6 janvier 1978, la loi n\u00b0 2004-801 du 6 ao\u00fbt 2004, l\u2019article L. 226-13 du Code p\u00e9nal et la Directive Europ\u00e9enne du 24 octobre 1995.<\/p>\r\n<p>A l\u2019occasion de l\u2019utilisation du site <strong><a href=\"https:\/\/vtcdusoleil.fr\/en\/\">https:\/\/vtcdusoleil.fr<\/a><\/strong>, peuvent \u00eatres recueillies : l\u2019URL des liens par l\u2019interm\u00e9diaire desquels l\u2019utilisateur a acc\u00e9d\u00e9 au site<strong> <a href=\"https:\/\/vtcdusoleil.fr\/en\/\">https:\/\/vtcdusoleil.fr<\/a><\/strong>, le fournisseur d\u2019acc\u00e8s de l\u2019utilisateur, l\u2019adresse de protocole Internet (IP) de l\u2019utilisateur.<\/p>\r\n<p>En tout \u00e9tat de cause <strong>VTC du Soleil<\/strong> ne collecte des informations personnelles relatives \u00e0 l\u2019utilisateur que pour le besoin de certains services propos\u00e9s par le site <strong><a href=\"https:\/\/vtcdusoleil.fr\/en\/\">https:\/\/vtcdusoleil.fr<\/a><\/strong>. L\u2019utilisateur fournit ces informations en toute connaissance de cause, notamment lorsqu\u2019il proc\u00e8de par lui-m\u00eame \u00e0 leur saisie. Il est alors pr\u00e9cis\u00e9 \u00e0 l\u2019utilisateur du site <strong><a href=\"https:\/\/vtcdusoleil.fr\/en\/\">https:\/\/vtcdusoleil.fr<\/a><\/strong> l\u2019obligation ou non de fournir ces informations.<\/p>\r\n<p>Conform\u00e9ment aux dispositions des articles 38 et suivants de la loi 78-17 du 6 janvier 1978 relative \u00e0 l\u2019informatique, aux fichiers et aux libert\u00e9s, tout utilisateur dispose d\u2019un droit d\u2019acc\u00e8s, de rectification et d\u2019opposition aux donn\u00e9es personnelles le concernant, en effectuant sa demande \u00e9crite et sign\u00e9e, accompagn\u00e9e d\u2019une copie du titre d\u2019identit\u00e9 avec signature du titulaire de la pi\u00e8ce, en pr\u00e9cisant l\u2019adresse \u00e0 laquelle la r\u00e9ponse doit \u00eatre envoy\u00e9e.<\/p>\r\n<p>Aucune information personnelle de l\u2019utilisateur du site<strong> <a href=\"https:\/\/vtcdusoleil.fr\/en\/\">https:\/\/vtcdusoleil.fr<\/a><\/strong> n\u2019est publi\u00e9e \u00e0 l\u2019insu de l\u2019utilisateur, \u00e9chang\u00e9e, transf\u00e9r\u00e9e, c\u00e9d\u00e9e ou vendue sur un support quelconque \u00e0 des tiers. Seule l\u2019hypoth\u00e8se du rachat de Vtc du Soleil et de ses droits permettrait la transmission des dites informations \u00e0 l\u2019\u00e9ventuel acqu\u00e9reur qui serait \u00e0 son tour tenu de la m\u00eame obligation de conservation et de modification des donn\u00e9es vis \u00e0 vis de l\u2019utilisateur du site <strong><a href=\"https:\/\/vtcdusoleil.fr\/en\/\">https:\/\/vtcdusoleil.fr<\/a><\/strong>.<\/p>\r\n<p>Le site n\u2019est pas d\u00e9clar\u00e9 \u00e0 la CNIL car il ne recueille pas d\u2019informations personnelles.\u00a0<\/p>\r\n<p>Les bases de donn\u00e9es sont prot\u00e9g\u00e9es par les dispositions de la loi du 1er juillet 1998 transposant la directive 96\/9 du 11 mars 1996 relative \u00e0 la protection juridique des bases de donn\u00e9es.<\/p>\r\n<hr class=\"wp-block-separator\" \/>\r\n<h2><span id=\"lwptoc24\">5 &#8211; Liens hypertextes et cookies<\/span><\/h2>\r\n<p>Le site <a href=\"https:\/\/vtcdusoleil.fr\/en\/\" rel=\"nofollow\">http:\/\/www.vtcdusoleil.fr<\/a> contient un certain nombre de liens hypertextes vers d\u2019autres sites, mis en place avec l\u2019autorisation de <strong>VTC du Soleil<\/strong>. Cependant, <strong>Vtc du Soleil<\/strong> n\u2019a pas la possibilit\u00e9 de v\u00e9rifier le contenu des sites ainsi visit\u00e9s, et n\u2019assumera en cons\u00e9quence aucune responsabilit\u00e9 de ce fait.<\/p>\r\n<p>La navigation sur le site <strong><a href=\"https:\/\/vtcdusoleil.fr\/en\/\" rel=\"nofollow\">http:\/\/www.vtcdusoleil.fr<\/a><\/strong> est susceptible de provoquer l\u2019installation de cookie(s) sur l\u2019ordinateur de l\u2019utilisateur. Un cookie est un fichier de petite taille, qui ne permet pas l\u2019identification de l\u2019utilisateur, mais qui enregistre des informations relatives \u00e0 la navigation d\u2019un ordinateur sur un site. Les donn\u00e9es ainsi obtenues visent \u00e0 faciliter la navigation ult\u00e9rieure sur le site, et ont \u00e9galement vocation \u00e0 permettre diverses mesures de fr\u00e9quentation.<\/p>\r\n<p>Le refus d\u2019installation d\u2019un cookie peut entra\u00eener l\u2019impossibilit\u00e9 d\u2019acc\u00e9der \u00e0 certains services. L\u2019utilisateur peut toutefois configurer son ordinateur de la mani\u00e8re suivante, pour refuser l\u2019installation des cookies :<\/p>\r\n<p>Sous Internet Explorer : onglet outil (pictogramme en forme de rouage en haut a droite) \/ options internet. Cliquez sur Confidentialit\u00e9 et choisissez Bloquer tous les cookies. Validez sur Ok.<\/p>\r\n<p>Sous Firefox : en haut de la fen\u00eatre du navigateur, cliquez sur le bouton Firefox, puis aller dans l\u2019onglet Options. Cliquer sur l\u2019onglet Vie priv\u00e9e.<br \/>Param\u00e9trez les R\u00e8gles de conservation sur : utiliser les param\u00e8tres personnalis\u00e9s pour l\u2019historique. Enfin d\u00e9cochez-la pour d\u00e9sactiver les cookies.<\/p>\r\n<p>Sous Safari : Cliquez en haut \u00e0 droite du navigateur sur le pictogramme de menu (symbolis\u00e9 par un rouage). S\u00e9lectionnez Param\u00e8tres. Cliquez sur Afficher les param\u00e8tres avanc\u00e9s. Dans la section \u00ab Confidentialit\u00e9 \u00bb, cliquez sur Param\u00e8tres de contenu. Dans la section \u00ab Cookies \u00bb, vous pouvez bloquer les cookies.<\/p>\r\n<p>Sous Chrome : Cliquez en haut \u00e0 droite du navigateur sur le pictogramme de menu (symbolis\u00e9 par trois lignes horizontales). S\u00e9lectionnez Param\u00e8tres. Cliquez sur Afficher les param\u00e8tres avanc\u00e9s. Dans la section \u00ab Confidentialit\u00e9 \u00bb, cliquez sur pr\u00e9f\u00e9rences. Dans l\u2019onglet \u00ab Confidentialit\u00e9 \u00bb, vous pouvez bloquer les cookies.<\/p>\r\n<h2><span id=\"lwptoc25\">6 &#8211; Droit applicable et attribution de juridiction<\/span><\/h2>\r\n<p>Tout litige en relation avec l\u2019utilisation du site\u00a0<strong><span class=\"ff_dynamic_value\" data-ref=\"url\" data-fallback=\"\"><a href=\"https:\/\/vtcdusoleil.fr\/en\/\">https:\/\/vtcdusoleil.fr<\/a><\/span><\/strong> est soumis au droit fran\u00e7ais. En dehors des cas o\u00f9 la loi ne le permet pas, il est fait attribution exclusive de juridiction aux tribunaux comp\u00e9tents de Paris.<\/p>\r\n<h2>7- Les principales lois concern\u00e9es<\/h2>\r\n<p>Loi n\u00b0 78-17 du 6 janvier 1978, notamment modifi\u00e9e par la loi n\u00b0 2004-801 du 6 ao\u00fbt 2004 relative \u00e0 l\u2019informatique, aux fichiers et aux libert\u00e9s.<\/p>\r\n<p>Loi n\u00b0 2004-575 du 21 juin 2004 pour la confiance dans l\u2019\u00e9conomie num\u00e9rique.<\/p>\r\n<hr \/>\r\n<h2>8 &#8211; Lexique<\/h2>\r\n<p>Utilisateur : Internaute se connectant, utilisant le site susnomm\u00e9.<\/p>\r\n<p>Informations personnelles : \u00ab les informations qui permettent, sous quelque forme que ce soit, directement ou non, l\u2019identification des personnes physiques auxquelles elles s\u2019appliquent \u00bb (article 4 de la loi n\u00b0 78-17 du 6 janvier 1978).<\/p>","protected":false},"excerpt":{"rendered":"<p>1 &#8211; \u00c9dition du site En vertu de\u00a0l&rsquo;article 6 de la loi n\u00b0 2004-575 du 21 juin 2004\u00a0pour la confiance dans l&rsquo;\u00e9conomie num\u00e9rique, il est pr\u00e9cis\u00e9 aux utilisateurs du site internet\u00a0https:\/\/vtcdusoleil.fr\u00a0l&rsquo;identit\u00e9 des diff\u00e9rents intervenants dans le cadre de sa r\u00e9alisation et de son suivi: Propri\u00e9taire du site :\u00a0St\u00e9phane Deschamps G\u00e9rant de VTC du Soleil\u00a0 Contact&#8230;<\/p>","protected":false},"author":213804223,"featured_media":0,"parent":0,"menu_order":0,"comment_status":"closed","ping_status":"closed","template":"","meta":{"jetpack_post_was_ever_published":false,"footnotes":""},"class_list":["post-24","page","type-page","status-publish","hentry"],"yoast_head":"<!-- This site is optimized with the Yoast SEO plugin v27.3 - https:\/\/yoast.com\/product\/yoast-seo-wordpress\/ -->\n<title>MENTIONS LEGALES - vtc du soleil<\/title>\n<meta name=\"description\" content=\"mentions l\u00e9gales du site www.vtcdusoleil.fr qui contient toutes les mentions r\u00e8glementaires sur la gestion internet\" \/>\n<meta name=\"robots\" content=\"index, follow, max-snippet:-1, max-image-preview:large, max-video-preview:-1\" \/>\n<link rel=\"canonical\" href=\"https:\/\/vtcdusoleil.fr\/en\/mentions-legales\/\" \/>\n<meta property=\"og:locale\" content=\"en_US\" \/>\n<meta property=\"og:type\" content=\"article\" \/>\n<meta property=\"og:title\" content=\"MENTIONS LEGALES - vtc du soleil\" \/>\n<meta property=\"og:description\" content=\"mentions l\u00e9gales du site www.vtcdusoleil.fr qui contient toutes les mentions r\u00e8glementaires sur la gestion internet\" \/>\n<meta property=\"og:url\" content=\"https:\/\/vtcdusoleil.fr\/en\/mentions-legales\/\" \/>\n<meta property=\"og:site_name\" content=\"vtc du soleil\" \/>\n<meta property=\"article:publisher\" content=\"https:\/\/www.facebook.com\/vtcdusoleil06\" \/>\n<meta property=\"article:modified_time\" content=\"2022-12-23T17:29:46+00:00\" \/>\n<meta name=\"twitter:card\" content=\"summary_large_image\" \/>\n<meta name=\"twitter:label1\" content=\"Est. reading time\" \/>\n\t<meta name=\"twitter:data1\" content=\"7 minutes\" \/>\n<script type=\"application\/ld+json\" class=\"yoast-schema-graph\">{\"@context\":\"https:\\\/\\\/schema.org\",\"@graph\":[{\"@type\":\"WebPage\",\"@id\":\"https:\\\/\\\/vtcdusoleil.fr\\\/mentions-legales\\\/\",\"url\":\"https:\\\/\\\/vtcdusoleil.fr\\\/mentions-legales\\\/\",\"name\":\"MENTIONS LEGALES - vtc du soleil\",\"isPartOf\":{\"@id\":\"https:\\\/\\\/vtcdusoleil.fr\\\/#website\"},\"datePublished\":\"2022-04-23T15:34:15+00:00\",\"dateModified\":\"2022-12-23T17:29:46+00:00\",\"description\":\"mentions l\u00e9gales du site www.vtcdusoleil.fr qui contient toutes les mentions r\u00e8glementaires sur la gestion internet\",\"breadcrumb\":{\"@id\":\"https:\\\/\\\/vtcdusoleil.fr\\\/mentions-legales\\\/#breadcrumb\"},\"inLanguage\":\"en-US\",\"potentialAction\":[{\"@type\":\"ReadAction\",\"target\":[\"https:\\\/\\\/vtcdusoleil.fr\\\/mentions-legales\\\/\"]}]},{\"@type\":\"BreadcrumbList\",\"@id\":\"https:\\\/\\\/vtcdusoleil.fr\\\/mentions-legales\\\/#breadcrumb\",\"itemListElement\":[{\"@type\":\"ListItem\",\"position\":1,\"name\":\"Accueil\",\"item\":\"https:\\\/\\\/vtcdusoleil.fr\\\/\"},{\"@type\":\"ListItem\",\"position\":2,\"name\":\"MENTIONS LEGALES\"}]},{\"@type\":\"WebSite\",\"@id\":\"https:\\\/\\\/vtcdusoleil.fr\\\/#website\",\"url\":\"https:\\\/\\\/vtcdusoleil.fr\\\/\",\"name\":\"vtc du soleil\",\"description\":\"chauffeur priv\u00e9 &amp; Conciergerie sur la Cote d&#039;Azur\",\"publisher\":{\"@id\":\"https:\\\/\\\/vtcdusoleil.fr\\\/#organization\"},\"potentialAction\":[{\"@type\":\"SearchAction\",\"target\":{\"@type\":\"EntryPoint\",\"urlTemplate\":\"https:\\\/\\\/vtcdusoleil.fr\\\/?s={search_term_string}\"},\"query-input\":{\"@type\":\"PropertyValueSpecification\",\"valueRequired\":true,\"valueName\":\"search_term_string\"}}],\"inLanguage\":\"en-US\"},{\"@type\":\"Organization\",\"@id\":\"https:\\\/\\\/vtcdusoleil.fr\\\/#organization\",\"name\":\"vtcdusoleil\",\"url\":\"https:\\\/\\\/vtcdusoleil.fr\\\/\",\"logo\":{\"@type\":\"ImageObject\",\"inLanguage\":\"en-US\",\"@id\":\"https:\\\/\\\/vtcdusoleil.fr\\\/#\\\/schema\\\/logo\\\/image\\\/\",\"url\":\"https:\\\/\\\/i0.wp.com\\\/vtcdusoleil.fr\\\/wp-content\\\/uploads\\\/2022\\\/03\\\/cropped-VTC-DU-SOLEIL-LOGO-e1648652647924.png?fit=117%2C117&ssl=1\",\"contentUrl\":\"https:\\\/\\\/i0.wp.com\\\/vtcdusoleil.fr\\\/wp-content\\\/uploads\\\/2022\\\/03\\\/cropped-VTC-DU-SOLEIL-LOGO-e1648652647924.png?fit=117%2C117&ssl=1\",\"width\":117,\"height\":117,\"caption\":\"vtcdusoleil\"},\"image\":{\"@id\":\"https:\\\/\\\/vtcdusoleil.fr\\\/#\\\/schema\\\/logo\\\/image\\\/\"},\"sameAs\":[\"https:\\\/\\\/www.facebook.com\\\/vtcdusoleil06\",\"https:\\\/\\\/www.instagram.com\\\/vtcdusoleil06\\\/\"]}]}<\/script>\n<!-- \/ Yoast SEO plugin. -->","yoast_head_json":{"title":"MENTIONS LEGALES - vtc du soleil","description":"mentions l\u00e9gales du site www.vtcdusoleil.fr qui contient toutes les mentions r\u00e8glementaires sur la gestion internet","robots":{"index":"index","follow":"follow","max-snippet":"max-snippet:-1","max-image-preview":"max-image-preview:large","max-video-preview":"max-video-preview:-1"},"canonical":"https:\/\/vtcdusoleil.fr\/en\/mentions-legales\/","og_locale":"en_US","og_type":"article","og_title":"MENTIONS LEGALES - vtc du soleil","og_description":"mentions l\u00e9gales du site www.vtcdusoleil.fr qui contient toutes les mentions r\u00e8glementaires sur la gestion internet","og_url":"https:\/\/vtcdusoleil.fr\/en\/mentions-legales\/","og_site_name":"vtc du soleil","article_publisher":"https:\/\/www.facebook.com\/vtcdusoleil06","article_modified_time":"2022-12-23T17:29:46+00:00","twitter_card":"summary_large_image","twitter_misc":{"Est. reading time":"7 minutes"},"schema":{"@context":"https:\/\/schema.org","@graph":[{"@type":"WebPage","@id":"https:\/\/vtcdusoleil.fr\/mentions-legales\/","url":"https:\/\/vtcdusoleil.fr\/mentions-legales\/","name":"MENTIONS LEGALES - vtc du soleil","isPartOf":{"@id":"https:\/\/vtcdusoleil.fr\/#website"},"datePublished":"2022-04-23T15:34:15+00:00","dateModified":"2022-12-23T17:29:46+00:00","description":"mentions l\u00e9gales du site www.vtcdusoleil.fr qui contient toutes les mentions r\u00e8glementaires sur la gestion internet","breadcrumb":{"@id":"https:\/\/vtcdusoleil.fr\/mentions-legales\/#breadcrumb"},"inLanguage":"en-US","potentialAction":[{"@type":"ReadAction","target":["https:\/\/vtcdusoleil.fr\/mentions-legales\/"]}]},{"@type":"BreadcrumbList","@id":"https:\/\/vtcdusoleil.fr\/mentions-legales\/#breadcrumb","itemListElement":[{"@type":"ListItem","position":1,"name":"Accueil","item":"https:\/\/vtcdusoleil.fr\/"},{"@type":"ListItem","position":2,"name":"MENTIONS LEGALES"}]},{"@type":"WebSite","@id":"https:\/\/vtcdusoleil.fr\/#website","url":"https:\/\/vtcdusoleil.fr\/","name":"vtc du soleil","description":"chauffeur priv\u00e9 &amp; Conciergerie sur la Cote d&#039;Azur","publisher":{"@id":"https:\/\/vtcdusoleil.fr\/#organization"},"potentialAction":[{"@type":"SearchAction","target":{"@type":"EntryPoint","urlTemplate":"https:\/\/vtcdusoleil.fr\/?s={search_term_string}"},"query-input":{"@type":"PropertyValueSpecification","valueRequired":true,"valueName":"search_term_string"}}],"inLanguage":"en-US"},{"@type":"Organization","@id":"https:\/\/vtcdusoleil.fr\/#organization","name":"vtcdusoleil","url":"https:\/\/vtcdusoleil.fr\/","logo":{"@type":"ImageObject","inLanguage":"en-US","@id":"https:\/\/vtcdusoleil.fr\/#\/schema\/logo\/image\/","url":"https:\/\/i0.wp.com\/vtcdusoleil.fr\/wp-content\/uploads\/2022\/03\/cropped-VTC-DU-SOLEIL-LOGO-e1648652647924.png?fit=117%2C117&ssl=1","contentUrl":"https:\/\/i0.wp.com\/vtcdusoleil.fr\/wp-content\/uploads\/2022\/03\/cropped-VTC-DU-SOLEIL-LOGO-e1648652647924.png?fit=117%2C117&ssl=1","width":117,"height":117,"caption":"vtcdusoleil"},"image":{"@id":"https:\/\/vtcdusoleil.fr\/#\/schema\/logo\/image\/"},"sameAs":["https:\/\/www.facebook.com\/vtcdusoleil06","https:\/\/www.instagram.com\/vtcdusoleil06\/"]}]}},"jetpack_likes_enabled":true,"jetpack_sharing_enabled":true,"jetpack_shortlink":"https:\/\/wp.me\/PdwctZ-o","amp_enabled":true,"_links":{"self":[{"href":"https:\/\/vtcdusoleil.fr\/en\/wp-json\/wp\/v2\/pages\/24","targetHints":{"allow":["GET"]}}],"collection":[{"href":"https:\/\/vtcdusoleil.fr\/en\/wp-json\/wp\/v2\/pages"}],"about":[{"href":"https:\/\/vtcdusoleil.fr\/en\/wp-json\/wp\/v2\/types\/page"}],"author":[{"embeddable":true,"href":"https:\/\/vtcdusoleil.fr\/en\/wp-json\/wp\/v2\/users\/213804223"}],"replies":[{"embeddable":true,"href":"https:\/\/vtcdusoleil.fr\/en\/wp-json\/wp\/v2\/comments?post=24"}],"version-history":[{"count":14,"href":"https:\/\/vtcdusoleil.fr\/en\/wp-json\/wp\/v2\/pages\/24\/revisions"}],"predecessor-version":[{"id":1240,"href":"https:\/\/vtcdusoleil.fr\/en\/wp-json\/wp\/v2\/pages\/24\/revisions\/1240"}],"wp:attachment":[{"href":"https:\/\/vtcdusoleil.fr\/en\/wp-json\/wp\/v2\/media?parent=24"}],"curies":[{"name":"wp","href":"https:\/\/api.w.org\/{rel}","templated":true}]}}